{"id":3461,"date":"2018-01-22T19:16:56","date_gmt":"2018-01-22T18:16:56","guid":{"rendered":"https:\/\/www.activasalut.com\/ca\/?page_id=3461"},"modified":"2018-05-08T13:19:56","modified_gmt":"2018-05-08T11:19:56","slug":"infermera-virtual","status":"publish","type":"page","link":"https:\/\/www.activasalut.com\/ca\/infermera-virtual\/","title":{"rendered":"Infermera virtual"},"content":{"rendered":"<p>En aquest apartat hi trobar\u00e0s informaci\u00f3, suggeriments i consells per a tenir cura de la teva salut.<em>\u00a0<span class=\"il\">Infermera<\/span>\u00a0<span class=\"il\">Virtual<\/span><\/em>\u00a0junt amb <em>Corporaci\u00f3 Fisiogesti\u00f3n<\/em> col\u00b7laboren en promocionar salut i fer de la nostra societat un entorn m\u00e9s saludable.<\/p>\n[feedzy-rss feeds=&#8221;infermera-virtual-cat&#8221; feed_title=&#8221;no&#8221; refresh=&#8221;1_hours&#8221; sort=&#8221;date_desc&#8221; meta=&#8221;no&#8221; summary=&#8221;yes&#8221; summarylength=&#8221;300&#8243; thumb=&#8221;yes&#8221; ]\n","protected":false},"excerpt":{"rendered":"<p>En aquest apartat hi trobar\u00e0s informaci\u00f3, suggeriments i consells per a tenir cura de la teva salut.\u00a0Infermera\u00a0Virtual\u00a0junt amb Corporaci\u00f3 Fisiogesti\u00f3n col\u00b7laboren en promocionar salut<a class=\"moretag\" href=\"https:\/\/www.activasalut.com\/ca\/infermera-virtual\/\">Llegeix m\u00e9s&#8230;<\/a><\/p>\n","protected":false},"author":3,"featured_media":0,"parent":0,"menu_order":0,"comment_status":"closed","ping_status":"closed","template":"page-sidebar.php","meta":[],"yoast_head":"<!-- This site is optimized with the Yoast SEO plugin v20.0 - https:\/\/yoast.com\/wordpress\/plugins\/seo\/ -->\n<title>Infermera virtual | Corporaci\u00f3 Fisiogesti\u00f3<\/title>\n<meta name=\"robots\" content=\"index, follow, max-snippet:-1, max-image-preview:large, max-video-preview:-1\" \/>\n<link rel=\"canonical\" href=\"https:\/\/www.activasalut.com\/ca\/infermera-virtual\/\" \/>\n<meta property=\"og:locale\" content=\"ca_ES\" \/>\n<meta property=\"og:type\" content=\"article\" \/>\n<meta property=\"og:title\" content=\"Infermera virtual | Corporaci\u00f3 Fisiogesti\u00f3\" \/>\n<meta property=\"og:description\" content=\"En aquest apartat hi trobar\u00e0s informaci\u00f3, suggeriments i consells per a tenir cura de la teva salut.\u00a0Infermera\u00a0Virtual\u00a0junt amb Corporaci\u00f3 Fisiogesti\u00f3n col\u00b7laboren en promocionar salutLlegeix m\u00e9s...\" \/>\n<meta property=\"og:url\" content=\"https:\/\/www.activasalut.com\/ca\/infermera-virtual\/\" \/>\n<meta property=\"og:site_name\" content=\"Corporaci\u00f3 Fisiogesti\u00f3\" \/>\n<meta property=\"article:modified_time\" content=\"2018-05-08T11:19:56+00:00\" \/>\n<script type=\"application\/ld+json\" class=\"yoast-schema-graph\">{\"@context\":\"https:\/\/schema.org\",\"@graph\":[{\"@type\":\"WebPage\",\"@id\":\"https:\/\/www.activasalut.com\/ca\/infermera-virtual\/\",\"url\":\"https:\/\/www.activasalut.com\/ca\/infermera-virtual\/\",\"name\":\"Infermera virtual | Corporaci\u00f3 Fisiogesti\u00f3\",\"isPartOf\":{\"@id\":\"https:\/\/www.activasalut.com\/ca\/#website\"},\"datePublished\":\"2018-01-22T18:16:56+00:00\",\"dateModified\":\"2018-05-08T11:19:56+00:00\",\"breadcrumb\":{\"@id\":\"https:\/\/www.activasalut.com\/ca\/infermera-virtual\/#breadcrumb\"},\"inLanguage\":\"ca\",\"potentialAction\":[{\"@type\":\"ReadAction\",\"target\":[\"https:\/\/www.activasalut.com\/ca\/infermera-virtual\/\"]}]},{\"@type\":\"BreadcrumbList\",\"@id\":\"https:\/\/www.activasalut.com\/ca\/infermera-virtual\/#breadcrumb\",\"itemListElement\":[{\"@type\":\"ListItem\",\"position\":1,\"name\":\"Portada\",\"item\":\"https:\/\/www.activasalut.com\/ca\/\"},{\"@type\":\"ListItem\",\"position\":2,\"name\":\"Infermera virtual\"}]},{\"@type\":\"WebSite\",\"@id\":\"https:\/\/www.activasalut.com\/ca\/#website\",\"url\":\"https:\/\/www.activasalut.com\/ca\/\",\"name\":\"Corporaci\u00f3n fisiogesti\u00f3n\",\"description\":\"Activa la teva salut\",\"potentialAction\":[{\"@type\":\"SearchAction\",\"target\":{\"@type\":\"EntryPoint\",\"urlTemplate\":\"https:\/\/www.activasalut.com\/ca\/?s={search_term_string}\"},\"query-input\":\"required name=search_term_string\"}],\"inLanguage\":\"ca\"}]}<\/script>\n<!-- \/ Yoast SEO plugin. -->","yoast_head_json":{"title":"Infermera virtual | Corporaci\u00f3 Fisiogesti\u00f3","robots":{"index":"index","follow":"follow","max-snippet":"max-snippet:-1","max-image-preview":"max-image-preview:large","max-video-preview":"max-video-preview:-1"},"canonical":"https:\/\/www.activasalut.com\/ca\/infermera-virtual\/","og_locale":"ca_ES","og_type":"article","og_title":"Infermera virtual | Corporaci\u00f3 Fisiogesti\u00f3","og_description":"En aquest apartat hi trobar\u00e0s informaci\u00f3, suggeriments i consells per a tenir cura de la teva salut.\u00a0Infermera\u00a0Virtual\u00a0junt amb Corporaci\u00f3 Fisiogesti\u00f3n col\u00b7laboren en promocionar salutLlegeix m\u00e9s...","og_url":"https:\/\/www.activasalut.com\/ca\/infermera-virtual\/","og_site_name":"Corporaci\u00f3 Fisiogesti\u00f3","article_modified_time":"2018-05-08T11:19:56+00:00","schema":{"@context":"https:\/\/schema.org","@graph":[{"@type":"WebPage","@id":"https:\/\/www.activasalut.com\/ca\/infermera-virtual\/","url":"https:\/\/www.activasalut.com\/ca\/infermera-virtual\/","name":"Infermera virtual | Corporaci\u00f3 Fisiogesti\u00f3","isPartOf":{"@id":"https:\/\/www.activasalut.com\/ca\/#website"},"datePublished":"2018-01-22T18:16:56+00:00","dateModified":"2018-05-08T11:19:56+00:00","breadcrumb":{"@id":"https:\/\/www.activasalut.com\/ca\/infermera-virtual\/#breadcrumb"},"inLanguage":"ca","potentialAction":[{"@type":"ReadAction","target":["https:\/\/www.activasalut.com\/ca\/infermera-virtual\/"]}]},{"@type":"BreadcrumbList","@id":"https:\/\/www.activasalut.com\/ca\/infermera-virtual\/#breadcrumb","itemListElement":[{"@type":"ListItem","position":1,"name":"Portada","item":"https:\/\/www.activasalut.com\/ca\/"},{"@type":"ListItem","position":2,"name":"Infermera virtual"}]},{"@type":"WebSite","@id":"https:\/\/www.activasalut.com\/ca\/#website","url":"https:\/\/www.activasalut.com\/ca\/","name":"Corporaci\u00f3n fisiogesti\u00f3n","description":"Activa la teva salut","potentialAction":[{"@type":"SearchAction","target":{"@type":"EntryPoint","urlTemplate":"https:\/\/www.activasalut.com\/ca\/?s={search_term_string}"},"query-input":"required name=search_term_string"}],"inLanguage":"ca"}]}},"_links":{"self":[{"href":"https:\/\/www.activasalut.com\/ca\/wp-json\/wp\/v2\/pages\/3461"}],"collection":[{"href":"https:\/\/www.activasalut.com\/ca\/wp-json\/wp\/v2\/pages"}],"about":[{"href":"https:\/\/www.activasalut.com\/ca\/wp-json\/wp\/v2\/types\/page"}],"author":[{"embeddable":true,"href":"https:\/\/www.activasalut.com\/ca\/wp-json\/wp\/v2\/users\/3"}],"replies":[{"embeddable":true,"href":"https:\/\/www.activasalut.com\/ca\/wp-json\/wp\/v2\/comments?post=3461"}],"version-history":[{"count":9,"href":"https:\/\/www.activasalut.com\/ca\/wp-json\/wp\/v2\/pages\/3461\/revisions"}],"predecessor-version":[{"id":3697,"href":"https:\/\/www.activasalut.com\/ca\/wp-json\/wp\/v2\/pages\/3461\/revisions\/3697"}],"wp:attachment":[{"href":"https:\/\/www.activasalut.com\/ca\/wp-json\/wp\/v2\/media?parent=3461"}],"curies":[{"name":"wp","href":"https:\/\/api.w.org\/{rel}","templated":true}]}}